{"id":158,"date":"2015-10-06T11:05:02","date_gmt":"2015-10-06T11:05:02","guid":{"rendered":"http:\/\/aandrijftechniektotaal.nl\/?page_id=158"},"modified":"2015-10-11T12:51:11","modified_gmt":"2015-10-11T12:51:11","slug":"att-2","status":"publish","type":"page","link":"https:\/\/aandrijftechniektotaal.nl\/?page_id=158","title":{"rendered":"ATT"},"content":{"rendered":"<style>\n.lang-de_fix {\n    display: none;<\/p>\n<p>}<\/p>\n<\/style>\n<p>Willkommen auf der Webseite von ATT AandrijfTechniek Totaal. Ihr technischer Ansprechpartner f\u00fcr Arbeiten in der Antriebstechnik. Gerne stellen wir Ihnen unser Unternehmen und unser Fachgebiet vor.<\/p>\n<p>Spezialisiert sind wir haupts\u00e4chlich auf:<\/p>\n<ul>\n<li>Ausrichten von Achsen<\/li>\n<li>Ausrichten von Riemenscheiben<\/li>\n<li>Instandhaltung und Wartungsarbeiten<\/li>\n<\/ul>\n<p>Haupts\u00e4chlich sind wir in der Stein- und Erdenindustrie, auf Baggerschiffen, aber auch in Asphaltwerken und der Schwerindustrie aktiv.<\/p>\n<p>Wir leisten s\u00e4mtliche Arbeiten vor Ort und verf\u00fcgen \u00fcber einen gro\u00dfen Werkzeugpool. Zus\u00e4tzlich haben wir die neusten Messinstrumente um unserer Arbeiten optimal durchzuf\u00fchren.<\/p>\n<p><a href=\"https:\/\/aandrijftechniektotaal.nl\/wp-content\/uploads\/2014\/01\/ATT2.jpg\"><img loading=\"lazy\" decoding=\"async\" class=\"alignleft size-thumbnail wp-image-50\" src=\"https:\/\/aandrijftechniektotaal.nl\/wp-content\/uploads\/2014\/01\/ATT2-150x150.jpg\" alt=\"\" width=\"150\" height=\"150\" \/><\/a><a href=\"https:\/\/aandrijftechniektotaal.nl\/wp-content\/uploads\/2014\/01\/ATT3.jpg\"><img loading=\"lazy\" decoding=\"async\" class=\"alignleft size-thumbnail wp-image-51\" src=\"https:\/\/aandrijftechniektotaal.nl\/wp-content\/uploads\/2014\/01\/ATT3-150x150.jpg\" alt=\"\" width=\"150\" height=\"150\" \/><\/a><a href=\"https:\/\/aandrijftechniektotaal.nl\/wp-content\/uploads\/2014\/01\/ATT1.jpg\"><img loading=\"lazy\" decoding=\"async\" class=\"alignleft size-thumbnail wp-image-49\" src=\"https:\/\/aandrijftechniektotaal.nl\/wp-content\/uploads\/2014\/01\/ATT1-150x150.jpg\" alt=\"\" width=\"150\" height=\"150\" \/><\/a><\/p>\n","protected":false},"excerpt":{"rendered":"<p>Willkommen auf der Webseite von ATT AandrijfTechniek Totaal. Ihr technischer Ansprechpartner f\u00fcr Arbeiten in der Antriebstechnik. Gerne stellen wir Ihnen unser Unternehmen und unser Fachgebiet vor. Spezialisiert sind wir haupts\u00e4chlich auf: Ausrichten von Achsen Ausrichten von Riemenscheiben Instandhaltung und Wartungsarbeiten Haupts\u00e4chlich sind wir in der Stein- und Erdenindustrie, auf Baggerschiffen, aber auch in Asphaltwerken und [&hellip;]<\/p>\n","protected":false},"author":1,"featured_media":0,"parent":0,"menu_order":0,"comment_status":"closed","ping_status":"closed","template":"","meta":{"footnotes":""},"language":[8],"class_list":{"0":"post-158","1":"page","2":"type-page","3":"status-publish","5":"language-de_de","6":"czr-hentry"},"_links":{"self":[{"href":"https:\/\/aandrijftechniektotaal.nl\/index.php?rest_route=\/wp\/v2\/pages\/158","targetHints":{"allow":["GET"]}}],"collection":[{"href":"https:\/\/aandrijftechniektotaal.nl\/index.php?rest_route=\/wp\/v2\/pages"}],"about":[{"href":"https:\/\/aandrijftechniektotaal.nl\/index.php?rest_route=\/wp\/v2\/types\/page"}],"author":[{"embeddable":true,"href":"https:\/\/aandrijftechniektotaal.nl\/index.php?rest_route=\/wp\/v2\/users\/1"}],"replies":[{"embeddable":true,"href":"https:\/\/aandrijftechniektotaal.nl\/index.php?rest_route=%2Fwp%2Fv2%2Fcomments&post=158"}],"version-history":[{"count":6,"href":"https:\/\/aandrijftechniektotaal.nl\/index.php?rest_route=\/wp\/v2\/pages\/158\/revisions"}],"predecessor-version":[{"id":1203,"href":"https:\/\/aandrijftechniektotaal.nl\/index.php?rest_route=\/wp\/v2\/pages\/158\/revisions\/1203"}],"wp:attachment":[{"href":"https:\/\/aandrijftechniektotaal.nl\/index.php?rest_route=%2Fwp%2Fv2%2Fmedia&parent=158"}],"wp:term":[{"taxonomy":"language","embeddable":true,"href":"https:\/\/aandrijftechniektotaal.nl\/index.php?rest_route=%2Fwp%2Fv2%2Flanguage&post=158"}],"curies":[{"name":"wp","href":"https:\/\/api.w.org\/{rel}","templated":true}]}}