{"id":1137,"date":"2015-10-07T21:18:09","date_gmt":"2015-10-07T21:18:09","guid":{"rendered":"http:\/\/aandrijftechniektotaal.nl\/?page_id=1137"},"modified":"2015-10-11T13:05:48","modified_gmt":"2015-10-11T13:05:48","slug":"start","status":"publish","type":"page","link":"https:\/\/aandrijftechniektotaal.nl\/?page_id=1137","title":{"rendered":"Start"},"content":{"rendered":"<p><html><br \/>\n<head><\/p>\n<style>\n.entry-header {\n    display: none;\n}\n<\/style>\n<style>\n.lang-de_fix {\n    display: none;<\/p>\n<p>}<\/p>\n<\/style>\n<p><\/head><\/p>\n<div class=\"container marketing\">\n<div class=\"row widget-area\" role=\"complementary\">\n<div class=\"span4 fp-one\">\n<div class=\"widget-front\">\n<div class=\"thumb-wrapper \"><a class=\"round-div\" href=\"https:\/\/aandrijftechniektotaal.nl\/?page_id=17\" title=\"Revisie\"><\/a><img loading=\"lazy\" decoding=\"async\" style=\"height: 250px; width: auto; left: 2px; top: 1px;\" src=\"https:\/\/aandrijftechniektotaal.nl\/wp-content\/uploads\/2014\/05\/revisie14-270x250.jpg\" class=\"attachment-tc-thumb tc-thumb-type-thumb wp-post-image wp-post-image h-centered\" alt=\"revisie14\" height=\"250\" width=\"270\"><\/div>\n<h2>Wartung <\/h2>\n<p class=\"fp-text-one\">&nbsp;<br \/>\nDie Wartungsarbeiten werden in der Regel an Lagern und Abdichtungen von vielen verschiedenen Getrieben, R\u00fcttlern, Seilwinden, Schwertw\u00e4schern, Sieb- und Brechanlagen, Mischern, Elektromotoren, Feststoffpumpen und Fl\u00fcssigkeitskupplungen durchgef\u00fchrt&#8230;<\/p>\n<p><a class=\"btn btn-primary fp-button\" href=\"https:\/\/aandrijftechniektotaal.nl\/?page_id=1100\" title=\"Revisie\">mehr&#8230; \u00bb<\/a>\n          <\/div>\n<p><!-- \/.widget-front --><\/p><\/div>\n<div class=\"span4 fp-two\">\n<div class=\"widget-front\">\n<div class=\"thumb-wrapper \"><a class=\"round-div\" href=\"https:\/\/aandrijftechniektotaal.nl\/?page_id=39\" title=\"Laser uitlijning\"><\/a><img loading=\"lazy\" decoding=\"async\" style=\"height: 250px; width: auto; left: 2px; top: 1px;\" src=\"https:\/\/aandrijftechniektotaal.nl\/wp-content\/uploads\/2015\/05\/revisie15-270x250.jpg\" class=\"attachment-tc-thumb tc-thumb-type-thumb wp-post-image wp-post-image h-centered\" alt=\"laser12\" height=\"250\" width=\"270\"><\/div>\n<h2>Laserausrichtung <\/h2>\n<p class=\"fp-text-two\">Es ist eine horizontale als auch vertikale Ausrichtung der Achsen oder Kupplungen mit eigenem Laser m\u00f6glich.<br \/>\nDie maximale Distanz der beiden Laserk\u00f6pfe kann max. 5 Meter betragen. Das entspricht einer Lasergenauigkeit von 0,01 mm&#8230;<\/p>\n<p><a class=\"btn btn-primary fp-button\" href=\"https:\/\/aandrijftechniektotaal.nl\/?page_id=167\" title=\"Laser uitlijning\">mehr&#8230; \u00bb<\/a>\n          <\/div>\n<p><!-- \/.widget-front --><\/p><\/div>\n<div class=\"span4 fp-three\">\n<div class=\"widget-front\">\n<div class=\"thumb-wrapper \"><a class=\"round-div\" href=\"https:\/\/aandrijftechniektotaal.nl\/?page_id=41\" title=\"Opbouw\"><\/a><img loading=\"lazy\" decoding=\"async\" style=\"height: 250px; width: auto; left: 2px; top: 1px;\" src=\"https:\/\/aandrijftechniektotaal.nl\/wp-content\/uploads\/2014\/01\/opbouw1-270x250.jpg\" class=\"attachment-tc-thumb tc-thumb-type-thumb wp-post-image wp-post-image h-centered\" alt=\"opbouw1\" height=\"250\" width=\"270\"><\/div>\n<h2>Aufbau <\/h2>\n<p class=\"fp-text-three\">In Zusammenarbeit mit der Firma Van Nieuwpoort Bouwgrondstoffen wurde der unten zu sehen Brecher gebaut. Wir haben die Lieferung und die Installation der folgenden Komponenten \u00dcbernommen&#8230;<\/p>\n<p><a class=\"btn btn-primary fp-button\" href=\"https:\/\/aandrijftechniektotaal.nl\/?page_id=178\" title=\"Opbouw\">mehr&#8230; \u00bb<\/a>\n          <\/div>\n<p><!-- \/.widget-front --><\/p><\/div>\n<\/div><\/div>\n<p><!-- .container --><\/p>\n<div class=\"container\" role=\"main\">\n<div class=\"row column-content-wrapper\">\n<div id=\"content\" class=\"span9 article-container tc-gallery-style\"><\/div>\n<p><!--.article-container --><\/p><\/div>\n<p><!--.row -->\n    <\/div>\n<p><!-- .container role: main --><\/p>\n<p><\/html><\/p>\n","protected":false},"excerpt":{"rendered":"<p>Wartung &nbsp; Die Wartungsarbeiten werden in der Regel an Lagern und Abdichtungen von vielen verschiedenen Getrieben, R\u00fcttlern, Seilwinden, Schwertw\u00e4schern, Sieb- und Brechanlagen, Mischern, Elektromotoren, Feststoffpumpen und Fl\u00fcssigkeitskupplungen durchgef\u00fchrt&#8230; mehr&#8230; \u00bb Laserausrichtung Es ist eine horizontale als auch vertikale Ausrichtung der Achsen oder Kupplungen mit eigenem Laser m\u00f6glich. Die maximale Distanz der beiden Laserk\u00f6pfe kann max. [&hellip;]<\/p>\n","protected":false},"author":1,"featured_media":0,"parent":0,"menu_order":0,"comment_status":"closed","ping_status":"closed","template":"","meta":{"footnotes":""},"language":[8],"class_list":{"0":"post-1137","1":"page","2":"type-page","3":"status-publish","5":"language-de_de","6":"czr-hentry"},"_links":{"self":[{"href":"https:\/\/aandrijftechniektotaal.nl\/index.php?rest_route=\/wp\/v2\/pages\/1137","targetHints":{"allow":["GET"]}}],"collection":[{"href":"https:\/\/aandrijftechniektotaal.nl\/index.php?rest_route=\/wp\/v2\/pages"}],"about":[{"href":"https:\/\/aandrijftechniektotaal.nl\/index.php?rest_route=\/wp\/v2\/types\/page"}],"author":[{"embeddable":true,"href":"https:\/\/aandrijftechniektotaal.nl\/index.php?rest_route=\/wp\/v2\/users\/1"}],"replies":[{"embeddable":true,"href":"https:\/\/aandrijftechniektotaal.nl\/index.php?rest_route=%2Fwp%2Fv2%2Fcomments&post=1137"}],"version-history":[{"count":16,"href":"https:\/\/aandrijftechniektotaal.nl\/index.php?rest_route=\/wp\/v2\/pages\/1137\/revisions"}],"predecessor-version":[{"id":1218,"href":"https:\/\/aandrijftechniektotaal.nl\/index.php?rest_route=\/wp\/v2\/pages\/1137\/revisions\/1218"}],"wp:attachment":[{"href":"https:\/\/aandrijftechniektotaal.nl\/index.php?rest_route=%2Fwp%2Fv2%2Fmedia&parent=1137"}],"wp:term":[{"taxonomy":"language","embeddable":true,"href":"https:\/\/aandrijftechniektotaal.nl\/index.php?rest_route=%2Fwp%2Fv2%2Flanguage&post=1137"}],"curies":[{"name":"wp","href":"https:\/\/api.w.org\/{rel}","templated":true}]}}